{"id":285149,"date":"2023-11-15T21:55:57","date_gmt":"2023-11-15T21:55:57","guid":{"rendered":"https:\/\/www.orelyclinic.ro\/?page_id=285149"},"modified":"2023-11-15T21:55:57","modified_gmt":"2023-11-15T21:55:57","slug":"politica-cookies","status":"publish","type":"page","link":"https:\/\/www.orelyclinic.ro\/?page_id=285149","title":{"rendered":"Politica Cookies"},"content":{"rendered":"<p>[et_pb_section fb_built=&#8221;1&#8243; admin_label=&#8221;Header&#8221; _builder_version=&#8221;4.20.0&#8243; _module_preset=&#8221;default&#8221; use_background_color_gradient=&#8221;on&#8221; background_color_gradient_direction=&#8221;90deg&#8221; background_color_gradient_stops=&#8221;gcid-1f519274-0a72-45d8-8578-e31fbdc93f8d 0%|rgba(255,251,243,0) 100%&#8221; background_color_gradient_overlays_image=&#8221;on&#8221; background_image=&#8221;https:\/\/www.orelyclinic.ro\/wp-content\/uploads\/2023\/11\/beauty-esthetician-15.jpg&#8221; custom_padding=&#8221;8vw||8vw||true|false&#8221; collapsed=&#8221;on&#8221; global_colors_info=&#8221;{%22gcid-1f519274-0a72-45d8-8578-e31fbdc93f8d%22:%91%22background_color_gradient_stops%22%93}&#8221; theme_builder_area=&#8221;post_content&#8221;][et_pb_row column_structure=&#8221;2_3,1_3&#8243; _builder_version=&#8221;4.20.0&#8243; _module_preset=&#8221;default&#8221; global_colors_info=&#8221;{}&#8221; theme_builder_area=&#8221;post_content&#8221;][et_pb_column type=&#8221;2_3&#8243; _builder_version=&#8221;4.20.0&#8243; _module_preset=&#8221;default&#8221; global_colors_info=&#8221;{}&#8221; theme_builder_area=&#8221;post_content&#8221;][et_pb_text _builder_version=&#8221;4.23.1&#8243; _module_preset=&#8221;04b607b3-aebd-4ae3-a4e0-c07d00e63402&#8243; global_colors_info=&#8221;{}&#8221; theme_builder_area=&#8221;post_content&#8221;]<\/p>\n<h4>orely clinic<\/h4>\n<p>[\/et_pb_text][et_pb_text _builder_version=&#8221;4.20.0&#8243; _module_preset=&#8221;b6e82f43-c6e7-4102-9d2e-e69f3223a0eb&#8221; global_colors_info=&#8221;{}&#8221; theme_builder_area=&#8221;post_content&#8221;]<\/p>\n<h1>Politica Cookies<\/h1>\n<p>[\/et_pb_text][et_pb_text _builder_version=&#8221;4.23.1&#8243; _module_preset=&#8221;067eefec-b7e0-4127-ae69-367970210544&#8243; hover_enabled=&#8221;0&#8243; global_colors_info=&#8221;{}&#8221; theme_builder_area=&#8221;post_content&#8221; sticky_enabled=&#8221;0&#8243;]<\/p>\n<p>V\u0103 rug\u0103m sa citi\u0163i cu aten\u0163ie informa\u0163iile care urmeaz\u0103:<\/p>\n<p>Acest website foloseste at\u00e2t cookie-uri proprii, c\u00e2t \u015fi de la ter\u0163i, pentru a furniza vizitatorilor o experien\u0163\u0103 mult mai bun\u0103 de navigare \u015fi servicii adaptate nevoilor \u015fi interesului fiec\u0103ruia.<\/p>\n<p>\u00cen conformitate cu Directiva \u201ce-Intimitate\u201d a UE, \u00een vigoare de la 26 mai 2012 \u015fi cu prevederile Legii nr.\u00a0506 din 17 noiembrie 2004 privind prelucrarea datelor cu caracter personal \u015fi protec\u0163ia vie\u0163ii private \u00een sectorul comunica\u0163iilor electronice, tuturor vizitatorilor website-ului li se cere consim\u0163\u0103m\u00e2ntul \u00eenaintea transmiterii de cookies \u00een computerele acestora.<\/p>\n<p>\u201cCookie\u201d-urile joac\u0103 un rol important \u00een facilitarea accesului \u015fi livr\u0103rii multiplelor servicii de care utilizatorul se bucur\u0103 pe Internet, cum ar fi:<\/p>\n<ul>\n<li><strong>Personalizarea anumitor set\u0103ri precum:\u00a0<\/strong>\n<ul>\n<li>limba \u00een care este vizualizat un site;<\/li>\n<li>moneda \u00een care se exprim\u0103 anumite pre\u0163uri sau tarife;<\/li>\n<li>p\u0103strarea op\u0163iunilor pentru diverse produse (m\u0103suri, alte detalii etc.) \u00een co\u015ful de cump\u0103r\u0103turi (\u015fi memorarea acestor op\u0163iuni) \u2013 gener\u00e2ndu-se astfel flexibilitatea \u201cco\u015fului de cump\u0103r\u0103turi\u201d;<\/li>\n<li>accesarea preferin\u0163elor vechi prin accesarea butonului \u201c\u00cenainte\u201d \u015fi \u201c\u00cenapoi\u201d.<\/li>\n<\/ul>\n<\/li>\n<li><strong>Cookie-urile ofera detinatorilor de site-uri un feedback valoros<\/strong><span>\u00a0<\/span>asupra modului cum sunt utilizate site-urile lor de c\u0103tre utilizatori, astfel \u00eenc\u00e2t s\u0103 le poat\u0103 face \u015fi mai<span>\u00a0<\/span><strong>eficiente<\/strong><span>\u00a0<\/span>\u015fi mai<span>\u00a0<\/span><strong>accesibile<span>\u00a0<\/span><\/strong>pentru utilizatori;<\/li>\n<li><strong>Permit aplica\u0163iilor multimedia sau de alt tip<\/strong><span>\u00a0<\/span>de pe alte site-uri sa fie incluse intr-un anumit site pentru a crea o experienta de navigare mai valoroasa, mai utila si mai placuta;<\/li>\n<li><strong>\u00cembun\u0103t\u0103\u0163esc eficien\u0163a<\/strong><span>\u00a0<\/span>publicit\u0103\u0163ii online.<\/li>\n<\/ul>\n<p><em><strong>Ce este un \u201ccookie\u201d?<\/strong><\/em><\/p>\n<p>Un\u00a0<b>\u201cInternet Cookie<\/b>\u201d (termen cunoscut \u015fi ca \u201cbrowser cookie\u201d, \u201cHTTP cookie\u201d sau pur \u015fi simplu \u201ccookie\u201d) este un fi\u015fier de mici dimensiuni, format din litere \u015fi cifre, care va fi stocat pe computerul, terminalul mobil sau alte echipamente ale unui utilizator de pe care se acceseaz\u0103 Internetul. Cookie-ul este instalat prin solicitarea emis\u0103 de c\u0103tre un web-server unui browser (ex: Internet Explorer, Chrome) \u015fi\u00a0<b>este complet \u201cpasiv\u201d (nu contine programe software, virusi sau spyware si nu poate accesa informatiile de pe hard driveul utilizatorului).<\/b><\/p>\n<p>Un cookie este format din 2 p\u0103r\u0163i: numele \u015fi con\u0163inutul sau valoarea cookie-ului. Mai mult, durata de existen\u0163\u0103 a unui cookie este determinat\u0103; tehnic, doar web-serverul care a trimis cookie-ul \u00eel poate accesa din nou \u00een momentul \u00een care un utilizator se \u00eentoarce pe website-ul asociat web-serverului respectiv.<\/p>\n<p><b>Cookie-urile \u00een sine nu solicit\u0103 informa\u0163ii cu caracter personal pentru a putea fi utilizate \u015fi, \u00een cele mai multe cazuri, nu identific\u0103 personal utilizatorii de internet.<\/b><br \/>Exist\u0103 2 categorii mari de cookie-uri:<\/p>\n<ul>\n<li><strong>Cookie-uri de sesiune<\/strong><span>\u00a0<\/span>\u2013\u00a0acestea sunt stocate temporar \u00een dosarul de cookie-uri al browserului web, pentru ca acesta s\u0103 le memoreze p\u00e2n\u0103 c\u00e2nd utilizatorul iese de pe web-site-ul respectiv sau \u00eenchide fereastra browserului ( ex.: \u00een momentul log\u0103rii \/ delog\u0103rii pe un cont de webmail sau pe re\u0163ele de socializare).<\/li>\n<li><strong>Cookie-uri persistente<\/strong><span>\u00a0<\/span>\u2013\u00a0acestea sunt stocate pe hard-drive-ul unui computer sau echipament (\u015fi \u00een general depind de durata de via\u0163\u0103 prestabilit\u0103 pentru cookie). Cookie-urile persistente le includ \u015fi pe cele plasate de un alt website dec\u00e2t cel pe care \u00eel viziteaz\u0103 utilizatorul la momentul respectiv \u2013 cunoscute sub numele de \u2018third party cookies\u2019 (cookie-uri plasate de ter\u0163i) \u2013 care pot fi folosite \u00een mod anonim pentru a memora interesele unui utilizator, astfel \u00eenc\u00e2t s\u0103 fie livrat\u0103 publicitate c\u00e2t mai relevant\u0103 pentru utilizatori.<\/li>\n<\/ul>\n<p><em><strong>Care sunt avantajele cookie-urilor?<\/strong><\/em><\/p>\n<p>Un cookie con\u0163ine informa\u0163ii care fac leg\u0103tura \u00eentre un web-browser (utilizator) \u015fi un web-server anume (website-ul). Dac\u0103 un browser acceseaz\u0103 acel web-server din nou, acesta poate citi informa\u0163ia deja stocat\u0103 \u015fi reac\u0163iona \u00een consecin\u0163\u0103.\u00a0<b>Cookie-urile asigura utilizatorilor o experien\u0163\u0103 pl\u0103cut\u0103 de navigare \u015fi sus\u0163in eforturile multor website-uri pentru a oferi servicii confortabile utilizatorilor<\/b>: ex \u2013 preferin\u0163ele \u00een materie de confiden\u0163ialitate online, op\u0163iunile privind limba site-ului, co\u015furi de cump\u0103r\u0103turi sau publicitate relevant\u0103.<\/p>\n<p><em><strong>Care este durata de viata a unui cookie?<\/strong><\/em><\/p>\n<p>Cookie-urile sunt administrate de webservere. Durata de via\u0163\u0103 a unui cookie poate varia semnificativ, depinz\u00e2nd de scopul pentru care este plasat. Unele cookie-uri sunt folosite exclusiv pentru o singur\u0103 sesiune (session cookies) \u015fi nu mai sunt re\u0163inute, odat\u0103 ce utilizatorul a p\u0103r\u0103sit website-ul, \u00een timp ce alte cookie-uri sunt re\u0163inute \u015fi refolosite de fiecare dat\u0103 c\u00e2nd utilizatorul revine pe acel website (\u2018cookie-uri persistente\u2019). Cu toate acestea,\u00a0<b>cookie-urile pot fi \u015fterse de un utilizator \u00een orice moment\u00a0<\/b>prin intermediul set\u0103rilor browserului.<\/p>\n<p><em><strong>Ce sunt cookie-urile plasate de ter\u021bi?<\/strong><\/em><\/p>\n<p>Anumite sec\u0163iuni de con\u0163inut de pe unele site-uri pot fi furnizate prin\u00a0<strong>intermediul unor ter\u0163e p\u0103r\u0163i \/ furnizori\u00a0<\/strong>(ex.: news-box, un video sau o reclam\u0103). Aceste ter\u0163e p\u0103r\u0163i pot plasa cookie-uri prin intermediul altui website \u015fi ele se numesc \u201cthird party cookies\u201d pentru c\u0103 nu sunt plasate de proprietarul website-ului respectiv. Furnizorii ter\u0163i trebuie s\u0103 respecte de asemenea legea \u00een vigoare \u015fi politicile de confiden\u0163ialitate ale de\u0163in\u0103torului site-ului.<br \/>Aceste cookie-uri pot proveni de la urm\u0103torii ter\u0163i: facebook.com, twitter.com, etc.<\/p>\n<p><strong><em>Cum sunt folosite cookie-urile de c\u0103tre website?<\/em><\/strong><\/p>\n<p><strong><em>O vizit\u0103 pe website poate plasa cookie-uri \u00een scopuri de:<\/em><\/strong><\/p>\n<ul>\n<li>cre\u0219terea performan\u021bei website-ului;<\/li>\n<li>analiz\u0103 a vizitatorilor;<\/li>\n<li>geotargetting;<\/li>\n<li>\u00eenregistrare a utilizatorilor;<\/li>\n<\/ul>\n<p><em><strong>Cookie-uri de performan\u021b\u0103<\/strong><\/em><\/p>\n<p>Acest tip de cookie re\u0163ine preferin\u0163ele utilizatorului pe website, a\u015fa \u00eenc\u00e2t nu mai este nevoie de reglarea lor la fiecare vizitare a site-ului.<br \/>Exemple:<\/p>\n<ul>\n<li>\u00a0set\u0103rile volumului pentru video player;<\/li>\n<li>\u00a0viteza de video streaming cu care este compatibil browserul.<\/li>\n<\/ul>\n<p><em><strong>Cookie-uri pentru analiza vizitatorilor<\/strong><\/em><\/p>\n<p>De fiecare dat\u0103 c\u00e2nd un utilizator viziteaz\u0103 un website, softul de analytics furnizat de o ter\u0163\u0103 parte genereaz\u0103 un cookie de analiz\u0103 a utilizatorului. Acest cookie ne spune dac\u0103 vizitatorul a mai vizitat respectivul website p\u00e2n\u0103 \u00een acel moment. Browserul va spune daca exist\u0103 acest cookie, iar dac\u0103 nu, web-serverul va genera unul. Acesta permite monitorizarea utilizatorilor unici care viziteaz\u0103 website-ul (c\u00e2t de des o fac). At\u00e2ta timp c\u00e2t utilizatorul nu este \u00eenregistrat pe website, acest cookie nu poate fi folosit pentru a identifica persoanele fizice, ele sunt folosite doar \u00een scop statistic.\u00a0<strong>Daca utilizatorul este \u00eenregistrat se pot \u015fti detaliile furnizate de acesta, cum ar fi adresa de e-mail si username-ul<\/strong>\u00a0\u2013 acestea fiind supuse confiden\u0163ialit\u0103\u0163ii \u015fi prevederilor din Termeni \u015fi Conditii, Politica de confiden\u0163ialitate precum \u015fi prevederilor legisla\u0163iei \u00een vigoare cu privire la protejarea datelor cu caracter personal.<\/p>\n<p><em><strong>Cookie-uri pentru geotargetting<\/strong><\/em><\/p>\n<p>Aceste cookie-uri sunt utilizate de c\u0103tre un software care stabile\u015fte din ce \u0163ar\u0103 provine utilizatorul. Este complet anonim \u015fi este folosit doar pentru a targeta con\u0163inutul \u2013 ex. chiar \u015fi atunci c\u00e2nd utilizatorul se afl\u0103 pe o pagin\u0103 \u00een limba rom\u00e2n\u0103 sau \u00een alt\u0103 limb\u0103, va primi aceea\u015fi reclam\u0103.<\/p>\n<p><em><strong>Cookie-uri pentru \u00eenregistrare<\/strong><\/em><\/p>\n<p>Atunci cand utilizatorul se \u00eenregistreaz\u0103 pe un website, web-serverul genereaz\u0103 un cookie care \u00eel anun\u0163\u0103 dac\u0103 este deja \u00eenregistrat sau nu. Web-serverele folosesc aceste cookie-uri pentru a ar\u0103ta contul cu care utilizatorul este \u00eenregistrat \u015fi dac\u0103 are permisiunea pentru un serviciu anume. De asemenea, permite s\u0103 se asocieze orice comentariu pe care utilizatorul \u00eel posteaz\u0103 pe website cu username-ul utilizatorului. Daca nu este selectat \u201cP\u0103streaz\u0103-m\u0103 \u00eenregistrat\u201d, acest cookie se va \u015fterge automat c\u00e2nd se va \u00eenchide browserul sau calculatorul.<\/p>\n<p><em><strong>Alte cookie-uri ale ter\u021belor p\u0103r\u021bi<\/strong><\/em><\/p>\n<p>Pe unele pagini, ter\u0163ii pot seta propriile cookie-uri anonime, \u00een scopul de a urm\u0103ri succesul unei aplica\u0163ii sau pentru a particulariza o aplica\u0163ie. Datorita modului de utilizare, website-ul nu poate accesa aceste cookie-uri, la fel cum ter\u0163ele p\u0103r\u0163i nu pot accesa cookie-urile de\u0163inute de respectivul website. De exemplu, c\u00e2nd utilizatorul distribuie un articol folosind butonul pentru re\u0163elele sociale aflat pe un website, acea re\u0163ea social\u0103 va \u00eenregistra activitatea utiliatorului, nu website-ul pe care se afl\u0103 butonul.<br \/>Ce tip de informatii sunt stocate si accesate prin intermediul cookie-urilor?<br \/>Cookie-urile p\u0103streaza informa\u0163ii \u00eentr-un fi\u015fier text de mici dimensiuni, care permit unui website s\u0103 recunoasc\u0103 un browser. Web-serverul va recunoa\u015fte browserul, p\u00e2n\u0103 c\u00e2nd cookie-ul expir\u0103 sau este \u015fters. Cookie-ul stocheaz\u0103 informa\u0163ii importante, care \u00eembun\u0103t\u0103\u0163esc experien\u0163a de navigare pe Internet, de exemplu:<\/p>\n<ul>\n<li>set\u0103rile limbii \u00een care se dore\u015fte accesarea unui site;<\/li>\n<li>p\u0103strarea unui utilizator logat \u00een contul de webmail;<\/li>\n<li>securitatea online banking;<\/li>\n<li>p\u0103strarea produselor \u00een co\u015ful de cump\u0103r\u0103turi.<\/li>\n<\/ul>\n<p><em><strong>\u200b<\/strong><\/em><em><strong>De ce sunt cookie-urile importante pentru Internet?<\/strong><\/em><\/p>\n<p><strong>Cookie-urile reprezint\u0103 punctul central al func\u0163ion\u0103rii eficiente a Internetului, ajut\u00e2nd la generarea unei experien\u0163e de navigare prietenoase \u015fi adaptat\u0103 preferin\u0163elor \u015fi intereselor fiec\u0103rui utilizator.<\/strong>\u00a0Refuzarea sau dezactivarea cookie-urilor poate face unele website-uri imposibil de folosit. Refuzarea sau dezactivarea cookie-urilor nu \u00eenseamna c\u0103 utilizatorul nu va mai primi publicitate online \u2013 ci doar c\u0103 aceasta nu va mai putea \u0163ine cont de preferin\u0163ele \u015fi interesele utilizatorului, eviden\u0163iate prin comportamentul de navigare.<br \/><strong>Exemple de \u00eentrebuin\u0163\u0103ri importante ale cookie-urilor<\/strong>\u00a0(care nu necesit\u0103 autentificarea unui utilizator prin intermediul unui cont):<\/p>\n<ul>\n<li>con\u0163inut \u015fi servicii adaptate preferin\u0163elor utilizatorului \u2013 categorii de \u015ftiri, vreme, sport, h\u0103r\u0163i, servicii publice \u015fi guvernamentale, website-uri distractive \u015fi servicii de turism;<\/li>\n<li>oferte adaptate pe interesele utilizatorilor \u2013 re\u0163inerea parolelor, preferin\u0163elor de limba (ex.: afi\u015farea rezultatelor c\u0103ut\u0103rilor \u00een limba rom\u00e2n\u0103)<\/li>\n<li>re\u0163inerea filtrelor de protec\u0163ie a copiilor privind con\u0163inutul pe Internet (op\u0163iuni family mode, functii de safe search);<\/li>\n<li>m\u0103surarea, optimizare \u015fi caracteristicile de analytics \u2013 cum ar fi: confirmarea unui anumit nivel de trafic pe un website, ce tip de con\u0163inut este vizualizat \u015fi modul cum un utilizator ajunge pe un website (ex. prin motoare de c\u0103utare, direct, din alte website-uri etc.). De\u0163in\u0103torii website-urilor deruleaz\u0103 aceste analize pentru a perfec\u0163iona website-urile, \u00een beneficiul utilizatorilor.<\/li>\n<\/ul>\n<p><em><strong>Securitate \u0219i probleme legate de confiden\u021bialitate<\/strong><\/em><\/p>\n<p><strong>Cookie-urile NU sunt viru\u015fi!<\/strong>\u00a0Ele folosesc formate tip plain text. Nu sunt alc\u0103tuite din buc\u0103\u0163i de cod, a\u015fa c\u0103 nu pot fi executate, nici nu pot rula \u00een mod automat. \u00cen consecin\u0163\u0103, nu se pot duplica sau replica pe alte re\u0163ele pentru a rula sau a se replica din nou. Deoarece nu pot \u00eendeplini aceste func\u0163ii, nu pot fi considerate viru\u015fi. Cookie-urile pot fi, totu\u015fi, folosite pentru scopuri negative.\u00a0<strong>Deoarece stocheaz\u0103 informa\u0163ii despre preferin\u0163ele \u015fi istoricul de navigare al utilizatorilor, at\u00e2t pe un anume website c\u00e2t \u015fi pe alte website-uri, cookie-urile pot fi folosite ca o form\u0103 de Spyware.<\/strong>\u00a0Multe produse anti-spyware sunt con\u015ftiente de acest fapt \u015fi, \u00een mod constant, marcheaz\u0103 cookie-urile pentru a fi \u015fterse, \u00een cadrul procedurilor de \u015ftergere \/ scanare anti-virus \/ anti-spyware. \u00cen general, browserele au integrate reglaje de confiden\u0163ialitate, care furnizeaz\u0103 diferite nivele de acceptare a cookie-urilor, perioada de valabilitate \u015fi \u015ftergere automat\u0103 dup\u0103 ce utilizatorul a vizitat un anumit site.<\/p>\n<p><em><strong>Alte aspecte de securitate legate de cookie-uri<\/strong><\/em><\/p>\n<p><strong>Deoarece protec\u0163ia identit\u0103\u0163ii este foarte valoroas\u0103 \u015fi reprezint\u0103 dreptul fiec\u0103rui utilizator de Internet, este indicat s\u0103 se \u015ftie ce eventuale probleme pot crea cookie-urile.<\/strong><br \/>Pentru c\u0103 prin intermediul lor se transmit \u00een mod constant, \u00een ambele sensuri, informa\u0163ii \u00eentre browser \u015fi website, dac\u0103 un atacator sau persoan\u0103 neautorizat\u0103 intervine \u00een parcursul de transmitere a datelor, informa\u0163iile con\u0163inute de cookie pot fi interceptate. De\u015fi foarte rar, acest lucru se poate \u00eent\u00e2mpla dac\u0103 browserul se conecteaz\u0103 la server folosind o re\u0163ea necriptat\u0103 (ex.: o re\u0163ea WiFi nesecurizat\u0103).<br \/>Alte atacuri bazate pe cookie implic\u0103 reglaje gre\u015fite ale cookie-urilor pe webservere. Dac\u0103 un website nu solicit\u0103 browserului s\u0103 foloseasc\u0103 doar canale criptate, atacatorii pot folosi aceasta vulnerabilitate pentru a p\u0103c\u0103li browserele \u00een a trimite informa\u0163ii prin intermediul canalelor nesecurizate. Atacatorii utilizeaza apoi informa\u0163iile \u00een scopuri de a accesa neautorizat anumite site-uri.<br \/>Este foarte important ca utilizatorii s\u0103 fie aten\u0163i \u00een alegerea metodei celei mai potrivite de protec\u0163ie a informa\u0163iilor personale.<br \/><strong>Cookie-uri ale ter\u0163elor p\u0103r\u0163i<\/strong>\u00a0folosite pe siteul Poli\u0163iei Rom\u00e2ne<br \/>Google Analytics si Trafic.ro pentru m\u0103surarea, optimizare \u015fi caracteristicile de analytics \u2013 cum ar fi: confirmarea unui anumit nivel de trafic pe un website, ce tip de con\u0163inut este vizualizat \u015fi modul cum un utilizator ajunge pe un website-ul Poli\u0163iei Rom\u00e2ne.<\/p>\n<p><em><strong>Sfaturi pentru o navigare sigur\u0103 \u0219i responsabil\u0103, bazat\u0103 pe cookies<\/strong><\/em><\/p>\n<p>Datorit\u0103 flexibilit\u0103\u0163ii lor \u015fi a faptului c\u0103 majoritatea dintre cele mai vizitate website-uri, inclusiv cele mai mari, folosesc cookie-uri, acestea sunt aproape inevitabile. Dezactivarea cookie-urilor nu va permite accesul utilizatorului pe site-urile cele mai r\u0103sp\u00e2ndite \u015fi utilizate, printre care: Facebook, Twitter, YouTube, Gmail, Yahoo \u015fi altele.<br \/><strong>Iat\u0103 c\u00e2teva sfaturi care v\u0103 pot asigura c\u0103 naviga\u0163i f\u0103r\u0103 grij\u0103, \u00eens\u0103 cu ajutorul cookie-urilor:\u00a0<\/strong><\/p>\n<ul>\n<li>particulariza\u0163i-v\u0103 reglajele browserului, \u00een ceea ce prive\u015fte cookie-urile, pentru a reflecta un nivel confortabil pentru voi al securit\u0103\u0163ii utiliz\u0103rii cookie-urilor;<\/li>\n<li>dac\u0103 nu v\u0103 deranjeaz\u0103 cookie-urile \u015fi sunte\u0163i singura persoan\u0103 care utilizeaz\u0103 computerul, pute\u0163i regla termene lungi de expirare pentru stocarea istoricului de navigare \u015fi al datelor personale de acces;<\/li>\n<li>dac\u0103 \u00eemp\u0103r\u0163i\u0163i accesul la calculator, pute\u0163i lua \u00een considerare reglarea browserului pentru a \u015fterge datele individuale de navigare de fiecare dat\u0103 c\u00e2nd \u00eenchide\u0163i browserul. Aceasta este o variant\u0103 de a accesa website-urile care plaseaz\u0103 cookie-uri \u015fi de a \u015fterge orice informa\u0163ie de vizitare, la \u00eenchiderea sesiunii de navigare;<\/li>\n<li>instala\u0163i-v\u0103 \u015fi actuaiza\u0163i-v\u0103 constant aplica\u0163ii antispyware. Multe dintre aplica\u0163iile de detectare \u015fi prevenire a spyware-ului includ detectarea atacurilor pe site-uri. Astfel, \u00eempiedic\u0103 browserul de a accesa website-uri care ar putea s\u0103 exploateze vulnerabilit\u0103\u0163ile browserului sau s\u0103 descarce software periculos;<\/li>\n<li>asigura\u0163i-v\u0103 c\u0103 ave\u0163i browserul mereu actualizat. Multe dintre atacurile bazate pe cookies se realizeaz\u0103 exploat\u00e2nd punctele slabe ale versiunilor vechi ale browserelor.<\/li>\n<\/ul>\n<p><strong>Cookie-urile sunt pretutindeni \u015fi nu pot fi evitate, dac\u0103 dori\u0163i s\u0103 v\u0103 bucura\u0163i de acces pe cele mai bune \u015fi cele mai mari site-uri de pe Internet \u2013 locale sau interna\u0163ionale. Cu o \u00een\u0163elegere clar\u0103 a modului lor de operare \u015fi a beneficiilor pe care le aduc, pute\u0163i lua m\u0103surile necesare de securitate, astel \u00eenc\u00e2t s\u0103 pute\u0163i naviga cu \u00eencredere pe Internet.\u00a0<\/strong><\/p>\n<p><em><strong>Cum pot opri cookie-urile?<\/strong><\/em><\/p>\n<p><b>Dezactivarea \u015fi refuzul de a primi cookie-uri pot face anumite site-uri impracticabile sau dificil de vizitat \u015fi folosit.<\/b>\u00a0De asemenea, refuzul de a accepta cookie-uri nu \u00eenseamn\u0103 c\u0103 utilizatorul nu va mai primi \/ vedea publicitate online. Este posibil\u0103 reglarea din browser pentru ca aceste cookie-uri s\u0103 nu mai fie acceptate, sau se poate regla browserul s\u0103 accepte cookie-uri de la un anumit website. Dar, de exemplu, daca un utilizator nu este \u00eenregistat folosind cookie-urile, nu va putea l\u0103sa comentarii. Toate browserele moderne ofer\u0103 posibilitatea de a schimba reglajele cookie-urilor.<br \/><b>Aceste reglaje se g\u0103sesc, de regul\u0103, \u00een meniurile (butoanele) \u201cOp\u0163iuni\u201d, \u201cReglaje\u201d sau \u201cPreferin\u0163e\u201d ale browserului.\u00a0<\/b><\/p>\n<p>[\/et_pb_text][\/et_pb_column][et_pb_column type=&#8221;1_3&#8243; _builder_version=&#8221;4.20.0&#8243; _module_preset=&#8221;default&#8221; global_colors_info=&#8221;{}&#8221; theme_builder_area=&#8221;post_content&#8221;][\/et_pb_column][\/et_pb_row][\/et_pb_section]<\/p>\n","protected":false},"excerpt":{"rendered":"<p>orely clinicPolitica CookiesV\u0103 rug\u0103m sa citi\u0163i cu aten\u0163ie informa\u0163iile care urmeaz\u0103: Acest website foloseste at\u00e2t cookie-uri proprii, c\u00e2t \u015fi de la ter\u0163i, pentru a furniza vizitatorilor o experien\u0163\u0103 mult mai bun\u0103 de navigare \u015fi servicii adaptate nevoilor \u015fi interesului fiec\u0103ruia. \u00cen conformitate cu Directiva \u201ce-Intimitate\u201d a UE, \u00een vigoare de la 26 mai 2012 \u015fi [&hellip;]<\/p>\n","protected":false},"author":1,"featured_media":0,"parent":0,"menu_order":0,"comment_status":"closed","ping_status":"closed","template":"","meta":{"_et_pb_use_builder":"on","_et_pb_old_content":"","_et_gb_content_width":"","footnotes":""},"class_list":["post-285149","page","type-page","status-publish","hentry"],"_links":{"self":[{"href":"https:\/\/www.orelyclinic.ro\/index.php?rest_route=\/wp\/v2\/pages\/285149","targetHints":{"allow":["GET"]}}],"collection":[{"href":"https:\/\/www.orelyclinic.ro\/index.php?rest_route=\/wp\/v2\/pages"}],"about":[{"href":"https:\/\/www.orelyclinic.ro\/index.php?rest_route=\/wp\/v2\/types\/page"}],"author":[{"embeddable":true,"href":"https:\/\/www.orelyclinic.ro\/index.php?rest_route=\/wp\/v2\/users\/1"}],"replies":[{"embeddable":true,"href":"https:\/\/www.orelyclinic.ro\/index.php?rest_route=%2Fwp%2Fv2%2Fcomments&post=285149"}],"version-history":[{"count":2,"href":"https:\/\/www.orelyclinic.ro\/index.php?rest_route=\/wp\/v2\/pages\/285149\/revisions"}],"predecessor-version":[{"id":285151,"href":"https:\/\/www.orelyclinic.ro\/index.php?rest_route=\/wp\/v2\/pages\/285149\/revisions\/285151"}],"wp:attachment":[{"href":"https:\/\/www.orelyclinic.ro\/index.php?rest_route=%2Fwp%2Fv2%2Fmedia&parent=285149"}],"curies":[{"name":"wp","href":"https:\/\/api.w.org\/{rel}","templated":true}]}}